{"id":2085,"date":"2016-04-07T07:55:02","date_gmt":"2016-04-07T07:55:02","guid":{"rendered":"https:\/\/motors.stylemixthemes.com\/elementor-classified-one\/?page_id=2085"},"modified":"2024-02-04T17:11:10","modified_gmt":"2024-02-04T17:11:10","slug":"faq","status":"publish","type":"page","link":"https:\/\/edoagro.lt\/lt\/faq\/","title":{"rendered":"DUK"},"content":{"rendered":"<div data-elementor-type=\"wp-page\" data-elementor-id=\"2085\" class=\"elementor elementor-2085\" data-elementor-post-type=\"page\">\n\t\t\t\t\t\t<section class=\"elementor-section elementor-top-section elementor-element elementor-element-5b4a3ec elementor-section-boxed elementor-section-height-default elementor-section-height-default\" data-id=\"5b4a3ec\" data-element_type=\"section\">\n\t\t\t\t\t\t<div class=\"elementor-container elementor-column-gap-default\">\n\t\t\t\t\t<div class=\"elementor-column elementor-col-66 elementor-top-column elementor-element elementor-element-bb23649\" data-id=\"bb23649\" data-element_type=\"column\">\n\t\t\t<div class=\"elementor-widget-wrap elementor-element-populated\">\n\t\t\t\t\t\t<div class=\"elementor-element elementor-element-9fa864b elementor-widget elementor-widget-accordion\" data-id=\"9fa864b\" data-element_type=\"widget\" data-widget_type=\"accordion.default\">\n\t\t\t\t<div class=\"elementor-widget-container\">\n\t\t\t<style>\/*! elementor - v3.19.0 - 29-01-2024 *\/\n.elementor-accordion{text-align:left}.elementor-accordion .elementor-accordion-item{border:1px solid #d5d8dc}.elementor-accordion .elementor-accordion-item+.elementor-accordion-item{border-top:none}.elementor-accordion .elementor-tab-title{margin:0;padding:15px 20px;font-weight:700;line-height:1;cursor:pointer;outline:none}.elementor-accordion .elementor-tab-title .elementor-accordion-icon{display:inline-block;width:1.5em}.elementor-accordion .elementor-tab-title .elementor-accordion-icon svg{width:1em;height:1em}.elementor-accordion .elementor-tab-title .elementor-accordion-icon.elementor-accordion-icon-right{float:right;text-align:right}.elementor-accordion .elementor-tab-title .elementor-accordion-icon.elementor-accordion-icon-left{float:left;text-align:left}.elementor-accordion .elementor-tab-title .elementor-accordion-icon .elementor-accordion-icon-closed{display:block}.elementor-accordion .elementor-tab-title .elementor-accordion-icon .elementor-accordion-icon-opened,.elementor-accordion .elementor-tab-title.elementor-active .elementor-accordion-icon-closed{display:none}.elementor-accordion .elementor-tab-title.elementor-active .elementor-accordion-icon-opened{display:block}.elementor-accordion .elementor-tab-content{display:none;padding:15px 20px;border-top:1px solid #d5d8dc}@media (max-width:767px){.elementor-accordion .elementor-tab-title{padding:12px 15px}.elementor-accordion .elementor-tab-title .elementor-accordion-icon{width:1.2em}.elementor-accordion .elementor-tab-content{padding:7px 15px}}.e-con-inner>.elementor-widget-accordion,.e-con>.elementor-widget-accordion{width:var(--container-widget-width);--flex-grow:var(--container-widget-flex-grow)}<\/style>\t\t<div class=\"elementor-accordion\">\n\t\t\t\t\t\t\t<div class=\"elementor-accordion-item\">\n\t\t\t\t\t<div id=\"elementor-tab-title-1671\" class=\"elementor-tab-title\" data-tab=\"1\" role=\"button\" aria-controls=\"elementor-tab-content-1671\" aria-expanded=\"false\">\n\t\t\t\t\t\t\t\t\t\t\t\t\t<span class=\"elementor-accordion-icon elementor-accordion-icon-left\" aria-hidden=\"true\">\n\t\t\t\t\t\t\t\t\t\t\t\t\t\t\t<span class=\"elementor-accordion-icon-closed\"><svg class=\"e-font-icon-svg e-far-plus-square\" viewbox=\"0 0 448 512\" xmlns=\"http:\/\/www.w3.org\/2000\/svg\"><path d=\"M352 240v32c0 6.6-5.4 12-12 12h-88v88c0 6.6-5.4 12-12 12h-32c-6.6 0-12-5.4-12-12v-88h-88c-6.6 0-12-5.4-12-12v-32c0-6.6 5.4-12 12-12h88v-88c0-6.6 5.4-12 12-12h32c6.6 0 12 5.4 12 12v88h88c6.6 0 12 5.4 12 12zm96-160v352c0 26.5-21.5 48-48 48H48c-26.5 0-48-21.5-48-48V80c0-26.5 21.5-48 48-48h352c26.5 0 48 21.5 48 48zm-48 346V86c0-3.3-2.7-6-6-6H54c-3.3 0-6 2.7-6 6v340c0 3.3 2.7 6 6 6h340c3.3 0 6-2.7 6-6z\"><\/path><\/svg><\/span>\n\t\t\t\t\t\t\t\t<span class=\"elementor-accordion-icon-opened\"><svg class=\"e-font-icon-svg e-far-minus-square\" viewbox=\"0 0 448 512\" xmlns=\"http:\/\/www.w3.org\/2000\/svg\"><path d=\"M108 284c-6.6 0-12-5.4-12-12v-32c0-6.6 5.4-12 12-12h232c6.6 0 12 5.4 12 12v32c0 6.6-5.4 12-12 12H108zM448 80v352c0 26.5-21.5 48-48 48H48c-26.5 0-48-21.5-48-48V80c0-26.5 21.5-48 48-48h352c26.5 0 48 21.5 48 48zm-48 346V86c0-3.3-2.7-6-6-6H54c-3.3 0-6 2.7-6 6v340c0 3.3 2.7 6 6 6h340c3.3 0 6-2.7 6-6z\"><\/path><\/svg><\/span>\n\t\t\t\t\t\t\t\t\t\t\t\t\t\t<\/span>\n\t\t\t\t\t\t\t\t\t\t\t\t<a class=\"elementor-accordion-title\" tabindex=\"0\">Norite parduoti savo technik\u0105?<\/a>\n\t\t\t\t\t<\/div>\n\t\t\t\t\t<div id=\"elementor-tab-content-1671\" class=\"elementor-tab-content elementor-clearfix\" data-tab=\"1\" role=\"region\" aria-labelledby=\"elementor-tab-title-1671\"><p><img fetchpriority=\"high\" decoding=\"async\" class=\"wp-image-987 alignleft\" src=\"https:\/\/motors.stylemixstage.com\/elementor-dealer-one\/wp-content\/uploads\/sites\/27\/2015\/11\/faq-254x169.jpg\" alt=\"\" width=\"285\" height=\"190\" data-wp-editing=\"1\" \/><\/p><p>Ar svarstote, kaip efektyviausiai parduoti savo naudot\u0105 \u017eem\u0117s \u016bkio technik\u0105? \"Edo Agro\" - j\u016bs\u0173 patikimas partneris \u0161iame procese! Mes specializuojam\u0117s naudotos \u017eem\u0117s \u016bkio technikos supirkime ir parduodame, teikdami patogias ir greitas paslaugas visoje \u0161alyje. M\u016bs\u0173 komanda, turinti ilgamet\u0119 patirt\u012f, u\u017etikrins, kad j\u016bs\u0173 technikos pardavimas vykt\u0173 skland\u017eiai ir naudingai.<\/p><h4>Kaip tai veikia?<\/h4><ol><li><strong>Susisiekite su mumis<\/strong> - pateikite informacij\u0105 apie parduodam\u0105 technik\u0105 naudodami m\u016bs\u0173 svetain\u0117je esan\u010di\u0105 kontaktin\u0119 form\u0105 arba tiesiogiai skambinkite m\u016bs\u0173 nurodytu telefonu.<\/li><li><strong>\u012evertinimas<\/strong> - m\u016bs\u0173 ekspertai atliks technikos b\u016bkl\u0117s \u012fvertinim\u0105, kad gal\u0117tume pasi\u016blyti geriausi\u0105 rinkos kain\u0105.<\/li><li><strong>Pasi\u016blymas<\/strong> - gav\u0119 vis\u0105 reikiam\u0105 informacij\u0105, pateiksime jums pirkti si\u016blom\u0105 kain\u0105.<\/li><li><strong>Pardavimas<\/strong> - jei m\u016bs\u0173 pasi\u016blymas jums tinka, susitarsime d\u0117l technikos atsi\u0117mimo ir apmok\u0117jimo detali\u0173.<\/li><\/ol><p>M\u016bs\u0173 tikslas - padaryti j\u016bs\u0173 naudotos \u017eem\u0117s \u016bkio technikos pardavimo proces\u0105 kuo paprastesniu ir patogesniu. Mes garantuojame greit\u0105 ir skaidr\u0173 atsiskaitym\u0105 bei patikim\u0105 technikos per\u0117mim\u0105.<\/p><p><strong>Norite parduoti savo naudot\u0105 \u017eem\u0117s \u016bkio technik\u0105?<\/strong> Kreipkit\u0117s \u012f mus jau \u0161iandien ir su\u017einokite, kaip galime jums pad\u0117ti.<\/p><\/div>\n\t\t\t\t<\/div>\n\t\t\t\t\t\t\t\t<\/div>\n\t\t\t\t<\/div>\n\t\t\t\t<\/div>\n\t\t\t\t\t<\/div>\n\t\t<\/div>\n\t\t\t\t<div class=\"elementor-column elementor-col-33 elementor-top-column elementor-element elementor-element-14e2c90\" data-id=\"14e2c90\" data-element_type=\"column\">\n\t\t\t<div class=\"elementor-widget-wrap elementor-element-populated\">\n\t\t\t\t\t\t<div class=\"elementor-element elementor-element-a8c9272 elementor-hidden-tablet elementor-hidden-mobile elementor-widget elementor-widget-heading\" data-id=\"a8c9272\" data-element_type=\"widget\" data-widget_type=\"heading.default\">\n\t\t\t\t<div class=\"elementor-widget-container\">\n\t\t\t<style>\/*! elementor - v3.19.0 - 29-01-2024 *\/\n.elementor-heading-title{padding:0;margin:0;line-height:1}.elementor-widget-heading .elementor-heading-title[class*=elementor-size-]>a{color:inherit;font-size:inherit;line-height:inherit}.elementor-widget-heading .elementor-heading-title.elementor-size-small{font-size:15px}.elementor-widget-heading .elementor-heading-title.elementor-size-medium{font-size:19px}.elementor-widget-heading .elementor-heading-title.elementor-size-large{font-size:29px}.elementor-widget-heading .elementor-heading-title.elementor-size-xl{font-size:39px}.elementor-widget-heading .elementor-heading-title.elementor-size-xxl{font-size:59px}<\/style><h4 class=\"elementor-heading-title elementor-size-default\">GALERIJA<\/h4>\t\t<\/div>\n\t\t\t\t<\/div>\n\t\t\t\t<div class=\"elementor-element elementor-element-0c7defa elementor-hidden-tablet elementor-hidden-mobile elementor-widget elementor-widget-image-gallery\" data-id=\"0c7defa\" data-element_type=\"widget\" data-widget_type=\"image-gallery.default\">\n\t\t\t\t<div class=\"elementor-widget-container\">\n\t\t\t<style>\/*! elementor - v3.19.0 - 29-01-2024 *\/\n.elementor-image-gallery .gallery-item{display:inline-block;text-align:center;vertical-align:top;width:100%;max-width:100%;margin:0 auto}.elementor-image-gallery .gallery-item img{margin:0 auto}.elementor-image-gallery .gallery-item .gallery-caption{margin:0}.elementor-image-gallery figure img{display:block}.elementor-image-gallery figure figcaption{width:100%}.gallery-spacing-custom .elementor-image-gallery .gallery-icon{padding:0}@media (min-width:768px){.elementor-image-gallery .gallery-columns-2 .gallery-item{max-width:50%}.elementor-image-gallery .gallery-columns-3 .gallery-item{max-width:33.33%}.elementor-image-gallery .gallery-columns-4 .gallery-item{max-width:25%}.elementor-image-gallery .gallery-columns-5 .gallery-item{max-width:20%}.elementor-image-gallery .gallery-columns-6 .gallery-item{max-width:16.666%}.elementor-image-gallery .gallery-columns-7 .gallery-item{max-width:14.28%}.elementor-image-gallery .gallery-columns-8 .gallery-item{max-width:12.5%}.elementor-image-gallery .gallery-columns-9 .gallery-item{max-width:11.11%}.elementor-image-gallery .gallery-columns-10 .gallery-item{max-width:10%}}@media (min-width:480px) and (max-width:767px){.elementor-image-gallery .gallery.gallery-columns-2 .gallery-item,.elementor-image-gallery .gallery.gallery-columns-3 .gallery-item,.elementor-image-gallery .gallery.gallery-columns-4 .gallery-item,.elementor-image-gallery .gallery.gallery-columns-5 .gallery-item,.elementor-image-gallery .gallery.gallery-columns-6 .gallery-item,.elementor-image-gallery .gallery.gallery-columns-7 .gallery-item,.elementor-image-gallery .gallery.gallery-columns-8 .gallery-item,.elementor-image-gallery .gallery.gallery-columns-9 .gallery-item,.elementor-image-gallery .gallery.gallery-columns-10 .gallery-item{max-width:50%}}@media (max-width:479px){.elementor-image-gallery .gallery.gallery-columns-2 .gallery-item,.elementor-image-gallery .gallery.gallery-columns-3 .gallery-item,.elementor-image-gallery .gallery.gallery-columns-4 .gallery-item,.elementor-image-gallery .gallery.gallery-columns-5 .gallery-item,.elementor-image-gallery .gallery.gallery-columns-6 .gallery-item,.elementor-image-gallery .gallery.gallery-columns-7 .gallery-item,.elementor-image-gallery .gallery.gallery-columns-8 .gallery-item,.elementor-image-gallery .gallery.gallery-columns-9 .gallery-item,.elementor-image-gallery .gallery.gallery-columns-10 .gallery-item{max-width:100%}}<\/style>\t\t<div class=\"elementor-image-gallery\">\n\t\t\t<div id='gallery-1' class='gallery galleryid-2085 gallery-columns-2 gallery-size-thumbnail'><figure class='gallery-item'>\n\t\t\t<div class='gallery-icon landscape'>\n\t\t\t\t<a data-elementor-open-lightbox=\"yes\" data-elementor-lightbox-slideshow=\"0c7defa\" data-elementor-lightbox-title=\"kubota-b8200-hst-traktoriai-1\" data-e-action-hash=\"#elementor-action%3Aaction%3Dlightbox%26settings%3DeyJpZCI6OTI1MzksInVybCI6Imh0dHBzOlwvXC9lZG9hZ3JvLmx0XC93cC1jb250ZW50XC91cGxvYWRzXC8yMDI0XC8wMlwva3Vib3RhLWI4MjAwLWhzdC10cmFrdG9yaWFpLTEuanBnIiwic2xpZGVzaG93IjoiMGM3ZGVmYSJ9\" href='https:\/\/edoagro.lt\/wp-content\/uploads\/2024\/02\/kubota-b8200-hst-traktoriai-1.jpg'><img decoding=\"async\" width=\"150\" height=\"150\" src=\"https:\/\/edoagro.lt\/wp-content\/uploads\/2024\/02\/kubota-b8200-hst-traktoriai-1-150x150.jpg\" class=\"attachment-thumbnail size-thumbnail\" alt=\"\" srcset=\"https:\/\/edoagro.lt\/wp-content\/uploads\/2024\/02\/kubota-b8200-hst-traktoriai-1-150x150.jpg 150w, https:\/\/edoagro.lt\/wp-content\/uploads\/2024\/02\/kubota-b8200-hst-traktoriai-1-120x120.jpg 120w, https:\/\/edoagro.lt\/wp-content\/uploads\/2024\/02\/kubota-b8200-hst-traktoriai-1-300x300.jpg 300w, https:\/\/edoagro.lt\/wp-content\/uploads\/2024\/02\/kubota-b8200-hst-traktoriai-1-100x100.jpg 100w\" sizes=\"(max-width: 150px) 100vw, 150px\" \/><\/a>\n\t\t\t<\/div><\/figure><figure class='gallery-item'>\n\t\t\t<div class='gallery-icon landscape'>\n\t\t\t\t<a data-elementor-open-lightbox=\"yes\" data-elementor-lightbox-slideshow=\"0c7defa\" data-elementor-lightbox-title=\"kubota-b8200-hst-traktoriai-3\" data-e-action-hash=\"#elementor-action%3Aaction%3Dlightbox%26settings%3DeyJpZCI6OTI1MzcsInVybCI6Imh0dHBzOlwvXC9lZG9hZ3JvLmx0XC93cC1jb250ZW50XC91cGxvYWRzXC8yMDI0XC8wMlwva3Vib3RhLWI4MjAwLWhzdC10cmFrdG9yaWFpLTMuanBnIiwic2xpZGVzaG93IjoiMGM3ZGVmYSJ9\" href='https:\/\/edoagro.lt\/wp-content\/uploads\/2024\/02\/kubota-b8200-hst-traktoriai-3.jpg'><img decoding=\"async\" width=\"150\" height=\"150\" src=\"https:\/\/edoagro.lt\/wp-content\/uploads\/2024\/02\/kubota-b8200-hst-traktoriai-3-150x150.jpg\" class=\"attachment-thumbnail size-thumbnail\" alt=\"\" srcset=\"https:\/\/edoagro.lt\/wp-content\/uploads\/2024\/02\/kubota-b8200-hst-traktoriai-3-150x150.jpg 150w, https:\/\/edoagro.lt\/wp-content\/uploads\/2024\/02\/kubota-b8200-hst-traktoriai-3-120x120.jpg 120w, https:\/\/edoagro.lt\/wp-content\/uploads\/2024\/02\/kubota-b8200-hst-traktoriai-3-300x300.jpg 300w, https:\/\/edoagro.lt\/wp-content\/uploads\/2024\/02\/kubota-b8200-hst-traktoriai-3-100x100.jpg 100w\" sizes=\"(max-width: 150px) 100vw, 150px\" \/><\/a>\n\t\t\t<\/div><\/figure>\n\t\t<\/div>\n\t\t<\/div>\n\t\t\t\t<\/div>\n\t\t\t\t<\/div>\n\t\t\t\t<div class=\"elementor-element elementor-element-cb13be4 elementor-widget elementor-widget-motors-single-listing-contact-info\" data-id=\"cb13be4\" data-element_type=\"widget\" data-widget_type=\"motors-single-listing-contact-info.default\">\n\t\t\t\t<div class=\"elementor-widget-container\">\n\t\t\t<div class=\"contact-info-wrap\">\n\t<div class=\"title_wrap\">\n\t\t<svg aria-hidden=\"true\" class=\"e-font-icon-svg e-fas-address-book\" viewbox=\"0 0 448 512\" xmlns=\"http:\/\/www.w3.org\/2000\/svg\"><path d=\"M436 160c6.6 0 12-5.4 12-12v-40c0-6.6-5.4-12-12-12h-20V48c0-26.5-21.5-48-48-48H48C21.5 0 0 21.5 0 48v416c0 26.5 21.5 48 48 48h320c26.5 0 48-21.5 48-48v-48h20c6.6 0 12-5.4 12-12v-40c0-6.6-5.4-12-12-12h-20v-64h20c6.6 0 12-5.4 12-12v-40c0-6.6-5.4-12-12-12h-20v-64h20zm-228-32c35.3 0 64 28.7 64 64s-28.7 64-64 64-64-28.7-64-64 28.7-64 64-64zm112 236.8c0 10.6-10 19.2-22.4 19.2H118.4C106 384 96 375.4 96 364.8v-19.2c0-31.8 30.1-57.6 67.2-57.6h5c12.3 5.1 25.7 8 39.8 8s27.6-2.9 39.8-8h5c37.1 0 67.2 25.8 67.2 57.6v19.2z\"><\/path><\/svg>\t\t<h5 class=\"title\">Kontaktin\u0117 informacija<\/h5>\n\t<\/div>\n\t<div class=\"contact-desc\">\n\t\tTurite klausim\u0173? Susisiekite su mumis.\t<\/div>\n\t<div class=\"info-list-wrap\">\n\t\t<div class=\"info-item\"><i class=\"stm-icon-phone\"><\/i><div class=\"info-data\"><span class=\"item-title\">Mob. tel.<\/span><span class=\"item-value\">+37064059222<\/span><\/div><\/div><div class=\"info-item\"><i class=\"stmicon- stm-icon-mail\"><\/i><div class=\"info-data\"><span class=\"item-title\">El. pa\u0161tas<\/span><span class=\"item-value\">info@edoagro.lt<\/span><\/div><\/div>\t<\/div>\n<\/div>\n\t\t<\/div>\n\t\t\t\t<\/div>\n\t\t\t\t\t<\/div>\n\t\t<\/div>\n\t\t\t\t\t<\/div>\n\t\t<\/section>\n\t\t\t\t<\/div>","protected":false},"excerpt":{"rendered":"<p>Norite parduoti savo technik\u0105? Ar svarstote, kaip efektyviausiai parduoti savo naudot\u0105 \u017eem\u0117s \u016bkio technik\u0105? \u201eEdo Agro\u201c \u2013 j\u016bs\u0173 patikimas partneris \u0161iame procese! Mes specializuojam\u0117s naudotos \u017eem\u0117s \u016bkio technikos supirkime ir pardavime, teikdami patogias ir greitas paslaugas visoje \u0161alyje. M\u016bs\u0173 komanda, turinti ilgamet\u0119 patirt\u012f, u\u017etikrins, kad j\u016bs\u0173 technikos pardavimas vykt\u0173 skland\u017eiai ir naudingai. Kaip tai veikia?&#8230;<\/p>","protected":false},"author":1,"featured_media":0,"parent":0,"menu_order":0,"comment_status":"closed","ping_status":"closed","template":"","meta":{"footnotes":""},"_links":{"self":[{"href":"https:\/\/edoagro.lt\/lt\/wp-json\/wp\/v2\/pages\/2085"}],"collection":[{"href":"https:\/\/edoagro.lt\/lt\/wp-json\/wp\/v2\/pages"}],"about":[{"href":"https:\/\/edoagro.lt\/lt\/wp-json\/wp\/v2\/types\/page"}],"author":[{"embeddable":true,"href":"https:\/\/edoagro.lt\/lt\/wp-json\/wp\/v2\/users\/1"}],"replies":[{"embeddable":true,"href":"https:\/\/edoagro.lt\/lt\/wp-json\/wp\/v2\/comments?post=2085"}],"version-history":[{"count":9,"href":"https:\/\/edoagro.lt\/lt\/wp-json\/wp\/v2\/pages\/2085\/revisions"}],"predecessor-version":[{"id":92564,"href":"https:\/\/edoagro.lt\/lt\/wp-json\/wp\/v2\/pages\/2085\/revisions\/92564"}],"wp:attachment":[{"href":"https:\/\/edoagro.lt\/lt\/wp-json\/wp\/v2\/media?parent=2085"}],"curies":[{"name":"wp","href":"https:\/\/api.w.org\/{rel}","templated":true}]}}