{"id":2157,"date":"2016-04-18T07:25:52","date_gmt":"2016-04-18T07:25:52","guid":{"rendered":"https:\/\/motors.stylemixthemes.com\/elementor-classified-one\/?page_id=2157"},"modified":"2016-04-18T07:25:52","modified_gmt":"2016-04-18T07:25:52","slug":"dealers-list","status":"publish","type":"page","link":"https:\/\/edoagro.lt\/lt\/dealers-list\/","title":{"rendered":"Pardav\u0117j\u0173 s\u0105ra\u0161as"},"content":{"rendered":"<div data-elementor-type=\"wp-page\" data-elementor-id=\"2157\" class=\"elementor elementor-2157\" data-elementor-post-type=\"page\">\n\t\t\t\t\t\t<section class=\"elementor-section elementor-top-section elementor-element elementor-element-8bd0f77 elementor-section-boxed elementor-section-height-default elementor-section-height-default\" data-id=\"8bd0f77\" data-element_type=\"section\">\n\t\t\t\t\t\t<div class=\"elementor-container elementor-column-gap-default\">\n\t\t\t\t\t<div class=\"elementor-column elementor-col-100 elementor-top-column elementor-element elementor-element-20ddb23\" data-id=\"20ddb23\" data-element_type=\"column\">\n\t\t\t<div class=\"elementor-widget-wrap elementor-element-populated\">\n\t\t\t\t\t\t<div class=\"elementor-element elementor-element-30bc294 elementor-widget elementor-widget-heading\" data-id=\"30bc294\" data-element_type=\"widget\" data-widget_type=\"heading.default\">\n\t\t\t\t<div class=\"elementor-widget-container\">\n\t\t\t<style>\/*! elementor - v3.19.0 - 29-01-2024 *\/\n.elementor-heading-title{padding:0;margin:0;line-height:1}.elementor-widget-heading .elementor-heading-title[class*=elementor-size-]>a{color:inherit;font-size:inherit;line-height:inherit}.elementor-widget-heading .elementor-heading-title.elementor-size-small{font-size:15px}.elementor-widget-heading .elementor-heading-title.elementor-size-medium{font-size:19px}.elementor-widget-heading .elementor-heading-title.elementor-size-large{font-size:29px}.elementor-widget-heading .elementor-heading-title.elementor-size-xl{font-size:39px}.elementor-widget-heading .elementor-heading-title.elementor-size-xxl{font-size:59px}<\/style><h3 class=\"elementor-heading-title elementor-size-default\">Ie\u0161koti vietini\u0173 pardav\u0117j\u0173<\/h3>\t\t<\/div>\n\t\t\t\t<\/div>\n\t\t\t\t<div class=\"elementor-element elementor-element-3386bfd elementor-widget elementor-widget-motors-dealers-list\" data-id=\"3386bfd\" data-element_type=\"widget\" data-widget_type=\"motors-dealers-list.default\">\n\t\t\t\t<div class=\"elementor-widget-container\">\n\t\t\t\n<div class=\"stm_dynamic_listing_filter stm_dynamic_listing_dealer_filter animated fadeIn\">\n\t<div class=\"tab-content\">\n\t\t<div role=\"tabpanel\" class=\"tab-pane fade in active\" id=\"stm_all_listing_tab\">\n\t\t\t<form action=\"https:\/\/edoagro.lt\/lt\/dealers-list\/\" method=\"GET\" data-trp-original-action=\"https:\/\/edoagro.lt\/lt\/dealers-list\/\">\n\t\t\t\t<input type=\"hidden\" name=\"stm_dealer_show_taxonomies\"\n\t\t\t\t\t\tvalue=\"new-cars | condition\"\/>\n\t\t\t\t<input type=\"hidden\" name=\"stm_sort_by\" value=\"reviews\"\/>\n\t\t\t\t<input type=\"hidden\" id=\"_wpnonce\" name=\"_wpnonce\" value=\"8ca52b7b57\" \/><input type=\"hidden\" name=\"_wp_http_referer\" value=\"\/lt\/wp-json\/wp\/v2\/pages\/2157\" \/>\t\t\t\t<div class=\"stm-filter-tab-selects\">\n\t\t\t\t\t<div class=\"row\">\n\t\t\t\t\t\t\t\t\t\t\t\t\t\t\t\t\t\t\t\t\t\t\t\t\t\t\t\t\t\t\t\t\t\t\t\t\t\t<div class=\"col-md-4 col-sm-6 col-xs-12 stm-select-col\">\n\t\t\t\t\t\t\t\t\t\t<div class=\"stm-ajax-reloadable\">\n\t\t\t\t\t\t\t\t\t\t\t<select\n\t\t\t\t\t\t\t\t\t\t\t\t\tname=\"body\"\n\t\t\t\t\t\t\t\t\t\t\t\t\tdata-class=\"stm_select_overflowed stm_select_dealer\">\n\t\t\t\t\t\t\t\t\t\t\t\t<option value=\"\">\n\t\t\t\t\t\t\t\t\t\t\t\t\tChoose Tipai\t\t\t\t\t\t\t\t\t\t\t\t<\/option>\n\n\t\t\t\t\t\t\t\t\t\t\t\t\t\t\t\t\t\t\t\t\t\t\t\t\t\t<option value=\"mini-krautuvai\" >\n\t\t\t\t\t\t\t\t\t\t\t\t\t\t\tMINI KRAUTUVAI\t\t\t\t\t\t\t\t\t\t\t\t\t\t<\/option>\n\t\t\t\t\t\t\t\t\t\t\t\t\t\t\t\t\t\t\t\t\t\t\t\t\t\t\t\t<option value=\"teleskopiniai-krautuvai\" >\n\t\t\t\t\t\t\t\t\t\t\t\t\t\t\tTeleskopiniai krautuvai\t\t\t\t\t\t\t\t\t\t\t\t\t\t<\/option>\n\t\t\t\t\t\t\t\t\t\t\t\t\t\t\t\t\t\t\t\t\t\t\t\t\t\t\t\t<option value=\"traktorius\" >\n\t\t\t\t\t\t\t\t\t\t\t\t\t\t\tTraktoriai\t\t\t\t\t\t\t\t\t\t\t\t\t\t<\/option>\n\t\t\t\t\t\t\t\t\t\t\t\t\t\t\t\t\t\t\t\t\t\t\t\t\t<\/select>\n\t\t\t\t\t\t\t\t\t\t<\/div>\n\t\t\t\t\t\t\t\t\t<\/div>\n\t\t\t\t\t\t\t\t\t\t\t\t\t\t\t\t\t\t\t\t\t\t\t\t\t\t\t\t\t\t\t\t\t\t\t\t\t\t\t\t<div class=\"col-md-4 col-sm-6 col-xs-12 stm-select-col\">\n\t\t\t\t\t\t\t\t\t\t<div class=\"stm-ajax-reloadable\">\n\t\t\t\t\t\t\t\t\t\t\t<select\n\t\t\t\t\t\t\t\t\t\t\t\t\tname=\"make\"\n\t\t\t\t\t\t\t\t\t\t\t\t\tdata-class=\"stm_select_overflowed stm_select_dealer\">\n\t\t\t\t\t\t\t\t\t\t\t\t<option value=\"\">\n\t\t\t\t\t\t\t\t\t\t\t\t\tChoose Mark\u0117\t\t\t\t\t\t\t\t\t\t\t\t<\/option>\n\n\t\t\t\t\t\t\t\t\t\t\t\t\t\t\t\t\t\t\t\t\t\t\t\t\t\t<option value=\"case-ih\" >\n\t\t\t\t\t\t\t\t\t\t\t\t\t\t\tCase-IH\t\t\t\t\t\t\t\t\t\t\t\t\t\t<\/option>\n\t\t\t\t\t\t\t\t\t\t\t\t\t\t\t\t\t\t\t\t\t\t\t\t\t\t\t\t<option value=\"fendt\" >\n\t\t\t\t\t\t\t\t\t\t\t\t\t\t\tFendt\t\t\t\t\t\t\t\t\t\t\t\t\t\t<\/option>\n\t\t\t\t\t\t\t\t\t\t\t\t\t\t\t\t\t\t\t\t\t\t\t\t\t\t\t\t<option value=\"john-deere\" >\n\t\t\t\t\t\t\t\t\t\t\t\t\t\t\t\"John Deere\t\t\t\t\t\t\t\t\t\t\t\t\t\t<\/option>\n\t\t\t\t\t\t\t\t\t\t\t\t\t\t\t\t\t\t\t\t\t\t\t\t\t\t\t\t<option value=\"kubota\" >\n\t\t\t\t\t\t\t\t\t\t\t\t\t\t\tKubota\t\t\t\t\t\t\t\t\t\t\t\t\t\t<\/option>\n\t\t\t\t\t\t\t\t\t\t\t\t\t\t\t\t\t\t\t\t\t\t\t\t\t\t\t\t<option value=\"manitou\" >\n\t\t\t\t\t\t\t\t\t\t\t\t\t\t\tManitou\t\t\t\t\t\t\t\t\t\t\t\t\t\t<\/option>\n\t\t\t\t\t\t\t\t\t\t\t\t\t\t\t\t\t\t\t\t\t\t\t\t\t\t\t\t<option value=\"massey-ferguson\" >\n\t\t\t\t\t\t\t\t\t\t\t\t\t\t\tMassey Ferguson\t\t\t\t\t\t\t\t\t\t\t\t\t\t<\/option>\n\t\t\t\t\t\t\t\t\t\t\t\t\t\t\t\t\t\t\t\t\t\t\t\t\t\t\t\t<option value=\"mccormick\" >\n\t\t\t\t\t\t\t\t\t\t\t\t\t\t\tMcCormick\t\t\t\t\t\t\t\t\t\t\t\t\t\t<\/option>\n\t\t\t\t\t\t\t\t\t\t\t\t\t\t\t\t\t\t\t\t\t\t\t\t\t\t\t\t<option value=\"new-holland\" >\n\t\t\t\t\t\t\t\t\t\t\t\t\t\t\t\"New Holland\t\t\t\t\t\t\t\t\t\t\t\t\t\t<\/option>\n\t\t\t\t\t\t\t\t\t\t\t\t\t\t\t\t\t\t\t\t\t\t\t\t\t\t\t\t<option value=\"volvo\" >\n\t\t\t\t\t\t\t\t\t\t\t\t\t\t\tVOLVO\t\t\t\t\t\t\t\t\t\t\t\t\t\t<\/option>\n\t\t\t\t\t\t\t\t\t\t\t\t\t\t\t\t\t\t\t\t\t\t\t\t\t<\/select>\n\t\t\t\t\t\t\t\t\t\t<\/div>\n\t\t\t\t\t\t\t\t\t<\/div>\n\t\t\t\t\t\t\t\t\t\t\t\t\t\t\t\t\t\t\t\t\t\t\t\t\t\t\t\t\t\t\t\t\t\t\t\t\t\t\t\t<div class=\"col-md-4 col-sm-6 col-xs-12 stm-select-col\">\n\t\t\t\t\t\t\t\t\t\t<div class=\"stm-ajax-reloadable\">\n\t\t\t\t\t\t\t\t\t\t\t<select\n\t\t\t\t\t\t\t\t\t\t\t\t\tname=\"serie\"\n\t\t\t\t\t\t\t\t\t\t\t\t\tdata-class=\"stm_select_overflowed stm_select_dealer\">\n\t\t\t\t\t\t\t\t\t\t\t\t<option value=\"\">\n\t\t\t\t\t\t\t\t\t\t\t\t\tChoose Modelis\t\t\t\t\t\t\t\t\t\t\t\t<\/option>\n\n\t\t\t\t\t\t\t\t\t\t\t\t\t\t\t\t\t\t\t\t\t\t\t\t\t\t<option value=\"3645\" >\n\t\t\t\t\t\t\t\t\t\t\t\t\t\t\t3645\t\t\t\t\t\t\t\t\t\t\t\t\t\t<\/option>\n\t\t\t\t\t\t\t\t\t\t\t\t\t\t\t\t\t\t\t\t\t\t\t\t\t\t\t\t<option value=\"6270-4\" >\n\t\t\t\t\t\t\t\t\t\t\t\t\t\t\t6270-4\t\t\t\t\t\t\t\t\t\t\t\t\t\t<\/option>\n\t\t\t\t\t\t\t\t\t\t\t\t\t\t\t\t\t\t\t\t\t\t\t\t\t\t\t\t<option value=\"7430-premium-aq\" >\n\t\t\t\t\t\t\t\t\t\t\t\t\t\t\t7430 Premium AQ\t\t\t\t\t\t\t\t\t\t\t\t\t\t<\/option>\n\t\t\t\t\t\t\t\t\t\t\t\t\t\t\t\t\t\t\t\t\t\t\t\t\t\t\t\t<option value=\"840-145-ps-elite\" >\n\t\t\t\t\t\t\t\t\t\t\t\t\t\t\t840-145 PS ELITAS +\t\t\t\t\t\t\t\t\t\t\t\t\t\t<\/option>\n\t\t\t\t\t\t\t\t\t\t\t\t\t\t\t\t\t\t\t\t\t\t\t\t\t\t\t\t<option value=\"936-vario-profi\" >\n\t\t\t\t\t\t\t\t\t\t\t\t\t\t\t936 Vario Profi\t\t\t\t\t\t\t\t\t\t\t\t\t\t<\/option>\n\t\t\t\t\t\t\t\t\t\t\t\t\t\t\t\t\t\t\t\t\t\t\t\t\t\t\t\t<option value=\"b8200-hst\" >\n\t\t\t\t\t\t\t\t\t\t\t\t\t\t\tB8200 HST\t\t\t\t\t\t\t\t\t\t\t\t\t\t<\/option>\n\t\t\t\t\t\t\t\t\t\t\t\t\t\t\t\t\t\t\t\t\t\t\t\t\t\t\t\t<option value=\"cs-130\" >\n\t\t\t\t\t\t\t\t\t\t\t\t\t\t\tcs 130\t\t\t\t\t\t\t\t\t\t\t\t\t\t<\/option>\n\t\t\t\t\t\t\t\t\t\t\t\t\t\t\t\t\t\t\t\t\t\t\t\t\t\t\t\t<option value=\"cs-150\" >\n\t\t\t\t\t\t\t\t\t\t\t\t\t\t\tCS 150\t\t\t\t\t\t\t\t\t\t\t\t\t\t<\/option>\n\t\t\t\t\t\t\t\t\t\t\t\t\t\t\t\t\t\t\t\t\t\t\t\t\t\t\t\t<option value=\"favorit-512c\" >\n\t\t\t\t\t\t\t\t\t\t\t\t\t\t\tFavorit 512C\t\t\t\t\t\t\t\t\t\t\t\t\t\t<\/option>\n\t\t\t\t\t\t\t\t\t\t\t\t\t\t\t\t\t\t\t\t\t\t\t\t\t\t\t\t<option value=\"m115\" >\n\t\t\t\t\t\t\t\t\t\t\t\t\t\t\tM115\t\t\t\t\t\t\t\t\t\t\t\t\t\t<\/option>\n\t\t\t\t\t\t\t\t\t\t\t\t\t\t\t\t\t\t\t\t\t\t\t\t\t\t\t\t<option value=\"mc-115-t4\" >\n\t\t\t\t\t\t\t\t\t\t\t\t\t\t\tMC 115 T4\t\t\t\t\t\t\t\t\t\t\t\t\t\t<\/option>\n\t\t\t\t\t\t\t\t\t\t\t\t\t\t\t\t\t\t\t\t\t\t\t\t\t\t\t\t<option value=\"mx-100c\" >\n\t\t\t\t\t\t\t\t\t\t\t\t\t\t\tMX 100C\t\t\t\t\t\t\t\t\t\t\t\t\t\t<\/option>\n\t\t\t\t\t\t\t\t\t\t\t\t\t\t\t\t\t\t\t\t\t\t\t\t\t\t\t\t<option value=\"mx-170\" >\n\t\t\t\t\t\t\t\t\t\t\t\t\t\t\tMX 170\t\t\t\t\t\t\t\t\t\t\t\t\t\t<\/option>\n\t\t\t\t\t\t\t\t\t\t\t\t\t\t\t\t\t\t\t\t\t\t\t\t\t\t\t\t<option value=\"puma-cvx-160\" >\n\t\t\t\t\t\t\t\t\t\t\t\t\t\t\tPUMA CVX 160\t\t\t\t\t\t\t\t\t\t\t\t\t\t<\/option>\n\t\t\t\t\t\t\t\t\t\t\t\t\t\t\t\t\t\t\t\t\t\t\t\t\t\t\t\t<option value=\"ts-110\" >\n\t\t\t\t\t\t\t\t\t\t\t\t\t\t\tTS 110\t\t\t\t\t\t\t\t\t\t\t\t\t\t<\/option>\n\t\t\t\t\t\t\t\t\t\t\t\t\t\t\t\t\t\t\t\t\t\t\t\t\t\t\t\t<option value=\"ztx-280\" >\n\t\t\t\t\t\t\t\t\t\t\t\t\t\t\tZTX 280\t\t\t\t\t\t\t\t\t\t\t\t\t\t<\/option>\n\t\t\t\t\t\t\t\t\t\t\t\t\t\t\t\t\t\t\t\t\t\t\t\t\t<\/select>\n\t\t\t\t\t\t\t\t\t\t<\/div>\n\t\t\t\t\t\t\t\t\t<\/div>\n\t\t\t\t\t\t\t\t\t\t\t\t\t\t\t\t\t\t\t\t\t\t\t\t\t\t\t\t\t\t\t\t\t\t\t\t\t\t<\/div>\n\t\t\t\t<\/div>\n\t\t\t\t<button type=\"submit\" class=\"heading-font\">\n\t\t\t\t\t<svg aria-hidden=\"true\" class=\"e-font-icon-svg e-fas-search\" viewbox=\"0 0 512 512\" xmlns=\"http:\/\/www.w3.org\/2000\/svg\"><path d=\"M505 442.7L405.3 343c-4.5-4.5-10.6-7-17-7H372c27.6-35.3 44-79.7 44-128C416 93.1 322.9 0 208 0S0 93.1 0 208s93.1 208 208 208c48.3 0 92.7-16.4 128-44v16.3c0 6.4 2.5 12.5 7 17l99.7 99.7c9.4 9.4 24.6 9.4 33.9 0l28.3-28.3c9.4-9.4 9.4-24.6.1-34zM208 336c-70.7 0-128-57.2-128-128 0-70.7 57.2-128 128-128 70.7 0 128 57.2 128 128 0 70.7-57.2 128-128 128z\"><\/path><\/svg>\t\t\t\t\tRasti diler\u012f \t\t\t\t<\/button>\n\t\t\t<input type=\"hidden\" name=\"trp-form-language\" value=\"lt\"\/><\/form>\n\t\t<\/div>\n\t<\/div>\n\n\t<div class=\"dealer-search-title\">\n\t\t<div class=\"stm-car-listing-sort-units stm-car-listing-directory-sort-units clearfix\">\n\t\t\t<div class=\"stm-listing-directory-title\">\n\t\t\t\t<div class=\"title\">Displaying Local Car Dealerships<\/div>\n\t\t\t<\/div>\n\t\t\t<div class=\"stm-directory-listing-top__right\">\n\t\t\t\t<div class=\"clearfix\">\n\t\t\t\t\t<div class=\"stm-sort-by-options clearfix\">\n\t\t\t\t\t\t<span>Sort by:<\/span>\n\t\t\t\t\t\t<div class=\"stm-select-sorting\">\n\t\t\t\t\t\t\t<select>\n\t\t\t\t\t\t\t\t\t\t\t\t\t\t\t\t\t\t\t\t\t\t\t\t\t\t<option value=\"alphabet\" >\n\t\t\t\t\t\t\t\t\t\tAlphabet\t\t\t\t\t\t\t\t\t<\/option>\n\t\t\t\t\t\t\t\t\t\t\t\t\t\t\t\t\t\t\t\t\t\t\t\t\t\t<option value=\"reviews\" selected>\n\t\t\t\t\t\t\t\t\t\tReviews\t\t\t\t\t\t\t\t\t<\/option>\n\t\t\t\t\t\t\t\t\t\t\t\t\t\t\t\t\t\t\t\t\t\t\t\t\t\t<option value=\"date\" >\n\t\t\t\t\t\t\t\t\t\tDate\t\t\t\t\t\t\t\t\t<\/option>\n\t\t\t\t\t\t\t\t\t\t\t\t\t\t\t\t\t\t\t\t\t\t\t\t\t\t<option value=\"cars\" >\n\t\t\t\t\t\t\t\t\t\tCars number\t\t\t\t\t\t\t\t\t<\/option>\n\t\t\t\t\t\t\t\t\t\t\t\t\t\t\t\t\t\t\t\t\t\t\t\t\t\t<option value=\"watches\" >\n\t\t\t\t\t\t\t\t\t\tPopularity\t\t\t\t\t\t\t\t\t<\/option>\n\t\t\t\t\t\t\t\t\t\t\t\t\t\t\t<\/select>\n\t\t\t\t\t\t<\/div>\n\t\t\t\t\t<\/div>\n\t\t\t\t<\/div>\n\t\t\t<\/div>\n\t\t<\/div>\n\t<\/div>\n\n\t<div class=\"dealer-search-results\">\n\t\t\t\t\t<table class=\"stm_dealer_list_table\">\n\t\t\t\t\t\t\t\t\t\t\t\t<tr class=\"stm-single-dealer animated fadeIn\">\n\n\t\t\t\t<td class=\"image\">\n\t\t\t\t\t<a href=\"https:\/\/edoagro.lt\/lt\/author\/edoagro\/\" target=\"_blank\">\n\t\t\t\t\t\t\t\t\t\t\t\t\t<img decoding=\"async\" src=\"https:\/\/edoagro.lt\/wp-content\/uploads\/2024\/02\/Dizainas-be-pavadinimo-17-236x60.png\" class=\"img-responsive\" \/>\n\t\t\t\t\t\t\t\t\t\t\t<\/a>\n\t\t\t\t<\/td>\n\n\t\t\t\t<td class=\"dealer-info\">\n\t\t\t\t\t<div class=\"title\">\n\t\t\t\t\t\t<a class=\"h4\" href=\"https:\/\/edoagro.lt\/lt\/author\/edoagro\/\" target=\"_blank\">\"Edo Agro<\/a>\n\t\t\t\t\t<\/div>\n\t\t\t\t\t<div class=\"rating\">\n\t\t\t\t\t\t<div class=\"dealer-rating\">\n\t\t\t\t\t\t\t<div class=\"stm-rate-unit\">\n\t\t\t\t\t\t\t\t<div class=\"stm-rate-inner\">\n\t\t\t\t\t\t\t\t\t<div class=\"stm-rate-not-filled\"><\/div>\n\t\t\t\t\t\t\t\t\t\t\t\t\t\t\t\t\t\t\t<div class=\"stm-rate-filled\" style=\"width:0%\"><\/div>\n\t\t\t\t\t\t\t\t\t\t\t\t\t\t\t\t\t<\/div>\n\t\t\t\t\t\t\t<\/div>\n\t\t\t\t\t\t\t<div class=\"stm-rate-sum\">(Reviews 0)<\/div>\n\t\t\t\t\t\t<\/div>\n\t\t\t\t\t<\/div>\n\t\t\t\t<\/td>\n\n\t\t\t\t<td class=\"dealer-cars\">\n\t\t\t\t\t<div class=\"inner\">\n\t\t\t\t\t\t<a href=\"https:\/\/edoagro.lt\/lt\/author\/edoagro\/#stm_d_inv\" target=\"_blank\">\n\t\t\t\t\t\t\t<div class=\"dealer-labels heading-font\">\n\t\t\t\t\t\t\t\t16 Nauja redakcija\t\t\t\t\t\t\t<\/div>\n\t\t\t\t\t\t\t<div class=\"dealer-cars-count\">\n\t\t\t\t\t\t\t\t<i class=\"stm-service-icon-body_type\"><\/i>\n\t\t\t\t\t\t\t\tCars in stock\t\t\t\t\t\t\t<\/div>\n\t\t\t\t\t\t<\/a>\n\t\t\t\t\t<\/div>\n\t\t\t\t<\/td>\n\n\t\t\t\t<td class=\"dealer-phone\">\n\t\t\t\t\t<div class=\"inner\">\n\t\t\t\t\t\t\t\t\t\t\t\t\t\t\t\t\t\t\t\t\t\t\t\t\t\t\t\t<i class=\"stm-service-icon-phone_2\"><\/i>\n\t\t\t\t\t\t\t\t<div class=\"phone heading-font\">\n\t\t\t\t\t\t\t\t\t+37*******\t\t\t\t\t\t\t\t<\/div>\n\t\t\t\t\t\t\t\t<span class=\"stm-show-number\" data-id=\"2\">Rodyti numer\u012f<\/span>\n\t\t\t\t\t\t\t\t\t\t\t\t\t\t\t\t\t\t<\/div>\n\t\t\t\t<\/td>\n\n\n\t\t\t\t<td class=\"dealer-location\">\n\t\t\t\t\t<div class=\"clearfix\">\n\t\t\t\t\t\t\t\t\t\t\t\t<div class=\"dealer-location-label\">\n\t\t\t\t\t\t\t\t\t\t\t\t\t\t\t<div class=\"inner\">\n\t\t\t\t\t\t\t\t\t<i class=\"stm-service-icon-pin_big\"><\/i>\n\t\t\t\t\t\t\t\t\t<span class=\"heading-font\">\u0160ilal\u0117, Lietuva<\/span>\n\t\t\t\t\t\t\t\t<\/div>\n\t\t\t\t\t\t\t\t\t\t\t\t\t<\/div>\n\t\t\t\t\t<\/div>\n\t\t\t\t<\/td>\n\n\t\t\t<\/tr>\n\t\t\t<tr class=\"dealer-single-divider\"><td colspan=\"5\"><\/td><\/tr>\n\t\t\t\t\t\t\t\t\t<\/table>\n\t\t\t\t\t\t<\/div>\n<\/div>\n\t\t<\/div>\n\t\t\t\t<\/div>\n\t\t\t\t\t<\/div>\n\t\t<\/div>\n\t\t\t\t\t<\/div>\n\t\t<\/section>\n\t\t\t\t<\/div>","protected":false},"excerpt":{"rendered":"<p>Find Local Dealers Choose Body Convertible Hatchback Minivan Off-Road Sedan Sport Cars SUV Choose Make Bentley BMW Chevrolet Ford Honda Hyundai Lamborghini Mazda Mercedes Choose Model 2022 TUCSON Accord 2021 C-Class Flying Spur M5 Mustang MX-5 Suburban 2021 Urus 2021 X7 M50d Find Dealer Displaying Local Car Dealerships Sort by: Alphabet Reviews Date Cars number&#8230;<\/p>","protected":false},"author":1,"featured_media":0,"parent":0,"menu_order":0,"comment_status":"closed","ping_status":"closed","template":"","meta":{"footnotes":""},"_links":{"self":[{"href":"https:\/\/edoagro.lt\/lt\/wp-json\/wp\/v2\/pages\/2157"}],"collection":[{"href":"https:\/\/edoagro.lt\/lt\/wp-json\/wp\/v2\/pages"}],"about":[{"href":"https:\/\/edoagro.lt\/lt\/wp-json\/wp\/v2\/types\/page"}],"author":[{"embeddable":true,"href":"https:\/\/edoagro.lt\/lt\/wp-json\/wp\/v2\/users\/1"}],"replies":[{"embeddable":true,"href":"https:\/\/edoagro.lt\/lt\/wp-json\/wp\/v2\/comments?post=2157"}],"version-history":[{"count":0,"href":"https:\/\/edoagro.lt\/lt\/wp-json\/wp\/v2\/pages\/2157\/revisions"}],"wp:attachment":[{"href":"https:\/\/edoagro.lt\/lt\/wp-json\/wp\/v2\/media?parent=2157"}],"curies":[{"name":"wp","href":"https:\/\/api.w.org\/{rel}","templated":true}]}}